{"id":12,"date":"2023-05-21T09:24:52","date_gmt":"2023-05-21T09:24:52","guid":{"rendered":"https:\/\/janazaethic.com\/index.php\/contact\/"},"modified":"2024-07-26T08:51:19","modified_gmt":"2024-07-26T08:51:19","slug":"contact","status":"publish","type":"page","link":"https:\/\/janazaethic.com\/index.php\/contact\/","title":{"rendered":"Contact"},"content":{"rendered":"<div class=\"wpb-content-wrapper\"><p>[vc_row padding_top_multiplier=\u00a0\u00bb\u00a0\u00bb padding_bottom_multiplier=\u00a0\u00bb4x\u00a0\u00bb separator_top=\u00a0\u00bbline-separator\u00a0\u00bb separator_top_size=\u00a0\u00bb50%\u00a0\u00bb separator_top_color=\u00a0\u00bb#f7f7f7&Prime;][vc_column][vc_raw_html css=\u00a0\u00bb\u00a0\u00bb]JTNDaWZyYW1lJTIwc3JjJTNEJTIyaHR0cHMlM0ElMkYlMkZ3d3cuZ29vZ2xlLmNvbSUyRm1hcHMlMkZlbWJlZCUzRnBiJTNEJTIxMW0xNCUyMTFtOCUyMTFtMyUyMTFkNTIzNy40ODIxODczMzM3NjElMjEyZDIuNDA0MjkwOSUyMTNkNDguOTc3NDUyNyUyMTNtMiUyMTFpMTAyNCUyMTJpNzY4JTIxNGYxMy4xJTIxM20zJTIxMW0yJTIxMXMweDQ3ZTY2YTRkNmRkYjc3YmIlMjUzQTB4NzRiM2FjNmViMDUxZTE2NyUyMTJzMjAlMjUyMEJkJTI1MjBkZSUyNTIwbGElMjUyME11ZXR0ZSUyNTJDJTI1MjA5NTE0MCUyNTIwR2FyZ2VzLWwlMjVDMyUyNUE4cy1Hb25lc3NlJTI1MkMlMjUyMEZyYW5jZSUyMTVlMCUyMTNtMiUyMTFzZW4lMjEyc2R6JTIxNHYxNzIxNDc1Mjg4MTYzJTIxNW0yJTIxMXNlbiUyMTJzZHolMjIlMjB3aWR0aCUzRCUyMjEyMDAwJTIyJTIwaGVpZ2h0JTNEJTIyNDUwJTIyJTIwc3R5bGUlM0QlMjJib3JkZXIlM0EwJTNCJTIyJTIwYWxsb3dmdWxsc2NyZWVuJTNEJTIyJTIyJTIwbG9hZGluZyUzRCUyMmxhenklMjIlMjByZWZlcnJlcnBvbGljeSUzRCUyMm5vLXJlZmVycmVyLXdoZW4tZG93bmdyYWRlJTIyJTNFJTNDJTJGaWZyYW1lJTNF[\/vc_raw_html][\/vc_column][vc_column]<div class=\"grve-empty-space grve-height-2x\"><\/div>[\/vc_column][vc_column width=\u00a0\u00bb1\/3&Prime;]<h3 class=\"grve-element grve-title grve-align-inherit grve-h5\"><span>1 \u2013 Adresse<\/span><\/h3>[vc_column_text css=\u00a0\u00bb\u00a0\u00bb]20 Boulevard de la Muette, 95140,<br \/>\nGarges-l\u00e8s-Gonesse &#8211; France[\/vc_column_text][\/vc_column][vc_column width=\u00a0\u00bb1\/3&Prime;]<h3 class=\"grve-element grve-title grve-align-inherit grve-h5\"><span>2 \u2013 Permanence<\/span><\/h3>[vc_column_text css=\u00a0\u00bb\u00a0\u00bb]<\/p>\n<p>Nous sommes \u00e0 votre disposition 24h\/24, 7j\/7, pour vous assister et r\u00e9pondre \u00e0 vos questions. N&rsquo;h\u00e9sitez pas \u00e0 nous contacter \u00e0 tout moment.[\/vc_column_text][\/vc_column][vc_column width=\u00a0\u00bb1\/3&Prime;]<h3 class=\"grve-element grve-title grve-align-inherit grve-h5\"><span>3 \u2013 Contact<\/span><\/h3>[vc_column_text css=\u00a0\u00bb\u00a0\u00bb]<strong>T\u00e9l\u00e9phone.<\/strong> 01 39 88 38 27<br \/>\n<strong>Portable.<\/strong> 06 37 95 07 37<br \/>\n<strong>Mail.<\/strong> contact@janazaethic.com[\/vc_column_text][\/vc_column][\/vc_row][vc_row padding_top_multiplier=\u00a0\u00bb2x\u00a0\u00bb padding_bottom_multiplier=\u00a0\u00bb4x\u00a0\u00bb][vc_column content_width=\u00a0\u00bbcustom\u00a0\u00bb horizontal_content_position=\u00a0\u00bbcenter\u00a0\u00bb text_align=\u00a0\u00bbcenter\u00a0\u00bb custom_content_width=\u00a0\u00bb570&Prime;]<h3 class=\"grve-element grve-title grve-align-inherit grve-subtitle-text grve-text-primary-1\"><span>NOUS CONTACTER<\/span><\/h3><h3 class=\"grve-element grve-title grve-align-inherit grve-h4\"><span>Remplissez simplement le formulaire ci-dessous et nous vous contacterons d\u00e8s que possible.<\/span><\/h3><div class=\"grve-empty-space grve-height-2x\"><\/div>[\/vc_column][vc_column content_width=\u00a0\u00bbcustom\u00a0\u00bb horizontal_content_position=\u00a0\u00bbcenter\u00a0\u00bb custom_content_width=\u00a0\u00bb770&Prime;]<div class=\"grve-element grve-contact-form grve-form-btn-simple grve-form-btn-extra-round grve-form-btn-bg-primary-1 grve-form-btn-bg-hover-black grve-form-btn-medium grve-form-input-border-type-solid grve-form-input-border-grey grve-form-input-text-black grve-form-input-placeholder-black grve-form-input-bg-light-grey\">\n<div class=\"wpcf7 no-js\" id=\"wpcf7-f109-o1\" lang=\"en-US\" dir=\"ltr\" data-wpcf7-id=\"109\">\n<div class=\"screen-reader-response\"><p role=\"status\" aria-live=\"polite\" aria-atomic=\"true\"><\/p> <ul><\/ul><\/div>\n<form action=\"\/index.php\/wp-json\/wp\/v2\/pages\/12#wpcf7-f109-o1\" method=\"post\" class=\"wpcf7-form init\" aria-label=\"Contact form\" novalidate=\"novalidate\" data-status=\"init\">\n<fieldset class=\"hidden-fields-container\"><input type=\"hidden\" name=\"_wpcf7\" value=\"109\" \/><input type=\"hidden\" name=\"_wpcf7_version\" value=\"6.1.5\" \/><input type=\"hidden\" name=\"_wpcf7_locale\" value=\"en_US\" \/><input type=\"hidden\" name=\"_wpcf7_unit_tag\" value=\"wpcf7-f109-o1\" \/><input type=\"hidden\" name=\"_wpcf7_container_post\" value=\"0\" \/><input type=\"hidden\" name=\"_wpcf7_posted_data_hash\" value=\"\" \/>\n<\/fieldset>\n<div class=\"grve-form grve-fields-grey-bg grve-fields-round\">\n<div class=\"grve-fields-wrapper\">\n<div class=\"grve-one-half\"><span class=\"wpcf7-form-control-wrap\" data-name=\"your-name\"><input size=\"40\" maxlength=\"400\" class=\"wpcf7-form-control wpcf7-text wpcf7-validates-as-required\" autocomplete=\"off\" aria-required=\"true\" aria-invalid=\"false\" placeholder=\"Nom *\" value=\"\" type=\"text\" name=\"your-name\" \/><\/span><\/div>\n<div class=\"grve-one-half grve-last-column\"><span class=\"wpcf7-form-control-wrap\" data-name=\"your-email\"><input size=\"40\" maxlength=\"400\" class=\"wpcf7-form-control wpcf7-email wpcf7-validates-as-required wpcf7-text wpcf7-validates-as-email\" autocomplete=\"off\" aria-required=\"true\" aria-invalid=\"false\" placeholder=\"Email *\" value=\"\" type=\"email\" name=\"your-email\" \/><\/span><\/div>\n<div class=\"grve-one-half\"><span class=\"wpcf7-form-control-wrap\" data-name=\"your-subject\"><input size=\"40\" maxlength=\"400\" class=\"wpcf7-form-control wpcf7-text\" autocomplete=\"off\" aria-invalid=\"false\" placeholder=\"Sujet\" value=\"\" type=\"text\" name=\"your-subject\" \/><\/span><\/div>\n<div class=\"grve-one-half grve-last-column\"><span class=\"wpcf7-form-control-wrap\" data-name=\"tel-759\"><input size=\"40\" maxlength=\"400\" class=\"wpcf7-form-control wpcf7-tel wpcf7-validates-as-required wpcf7-text wpcf7-validates-as-tel\" aria-required=\"true\" aria-invalid=\"false\" placeholder=\"T\u00e9l\u00e9phone\" value=\"\" type=\"tel\" name=\"tel-759\" \/><\/span><\/div>\n<div><span class=\"wpcf7-form-control-wrap\" data-name=\"your-message\"><textarea cols=\"40\" rows=\"10\" maxlength=\"2000\" class=\"wpcf7-form-control wpcf7-textarea\" aria-invalid=\"false\" placeholder=\"Message\" name=\"your-message\"><\/textarea><\/span><\/div>\n<div><input class=\"wpcf7-form-control wpcf7-submit has-spinner grve-fluid-button\" type=\"submit\" value=\"Envoyez votre message\" \/><\/div>\n<\/div>\n<\/div><div class=\"wpcf7-response-output\" aria-hidden=\"true\"><\/div>\n<\/form>\n<\/div>\n<\/div>[\/vc_column][\/vc_row]<\/p>\n<\/div>","protected":false},"excerpt":{"rendered":"<p>[vc_row padding_top_multiplier=\u00a0\u00bb\u00a0\u00bb padding_bottom_multiplier=\u00a0\u00bb4x\u00a0\u00bb separator_top=\u00a0\u00bbline-separator\u00a0\u00bb separator_top_size=\u00a0\u00bb50%\u00a0\u00bb separator_top_color=\u00a0\u00bb#f7f7f7&Prime;][vc_column][vc_raw_html css=\u00a0\u00bb\u00a0\u00bb]JTNDaWZyYW1lJTIwc3JjJTNEJTIyaHR0cHMlM0ElMkYlMkZ3d3cuZ29vZ2xlLmNvbSUyRm1hcHMlMkZlbWJlZCUzRnBiJTNEJTIxMW0xNCUyMTFtOCUyMTFtMyUyMTFkNTIzNy40ODIxODczMzM3NjElMjEyZDIuNDA0MjkwOSUyMTNkNDguOTc3NDUyNyUyMTNtMiUyMTFpMTAyNCUyMTJpNzY4JTIxNGYxMy4xJTIxM20zJTIxMW0yJTIxMXMweDQ3ZTY2YTRkNmRkYjc3YmIlMjUzQTB4NzRiM2FjNmViMDUxZTE2NyUyMTJzMjAlMjUyMEJkJTI1MjBkZSUyNTIwbGElMjUyME11ZXR0ZSUyNTJDJTI1MjA5NTE0MCUyNTIwR2FyZ2VzLWwlMjVDMyUyNUE4cy1Hb25lc3NlJTI1MkMlMjUyMEZyYW5jZSUyMTVlMCUyMTNtMiUyMTFzZW4lMjEyc2R6JTIxNHYxNzIxNDc1Mjg4MTYzJTIxNW0yJTIxMXNlbiUyMTJzZHolMjIlMjB3aWR0aCUzRCUyMjEyMDAwJTIyJTIwaGVpZ2h0JTNEJTIyNDUwJTIyJTIwc3R5bGUlM0QlMjJib3JkZXIlM0EwJTNCJTIyJTIwYWxsb3dmdWxsc2NyZWVuJTNEJTIyJTIyJTIwbG9hZGluZyUzRCUyMmxhenklMjIlMjByZWZlcnJlcnBvbGljeSUzRCUyMm5vLXJlZmVycmVyLXdoZW4tZG93bmdyYWRlJTIyJTNFJTNDJTJGaWZyYW1lJTNF[\/vc_raw_html][\/vc_column][vc_column][\/vc_column][vc_column width=\u00a0\u00bb1\/3&Prime;][vc_column_text css=\u00a0\u00bb\u00a0\u00bb]20 Boulevard de la Muette, 95140, Garges-l\u00e8s-Gonesse &#8211; France[\/vc_column_text][\/vc_column][vc_column width=\u00a0\u00bb1\/3&Prime;][vc_column_text css=\u00a0\u00bb\u00a0\u00bb] Nous sommes \u00e0 votre disposition 24h\/24, 7j\/7, pour vous assister et r\u00e9pondre \u00e0 vos questions. N&rsquo;h\u00e9sitez pas \u00e0 nous contacter \u00e0 tout moment.[\/vc_column_text][\/vc_column][vc_column width=\u00a0\u00bb1\/3&Prime;][vc_column_text css=\u00a0\u00bb\u00a0\u00bb]T\u00e9l\u00e9phone. 01 39 88 38 27 Portable. 06 37 95 07 37 [&hellip;]<\/p>\n","protected":false},"author":1,"featured_media":64,"parent":0,"menu_order":0,"comment_status":"closed","ping_status":"closed","template":"","meta":{"content-type":"","inline_featured_image":false,"footnotes":""},"class_list":["post-12","page","type-page","status-publish","has-post-thumbnail","hentry","grve-entry-item"],"_links":{"self":[{"href":"https:\/\/janazaethic.com\/index.php\/wp-json\/wp\/v2\/pages\/12","targetHints":{"allow":["GET"]}}],"collection":[{"href":"https:\/\/janazaethic.com\/index.php\/wp-json\/wp\/v2\/pages"}],"about":[{"href":"https:\/\/janazaethic.com\/index.php\/wp-json\/wp\/v2\/types\/page"}],"author":[{"embeddable":true,"href":"https:\/\/janazaethic.com\/index.php\/wp-json\/wp\/v2\/users\/1"}],"replies":[{"embeddable":true,"href":"https:\/\/janazaethic.com\/index.php\/wp-json\/wp\/v2\/comments?post=12"}],"version-history":[{"count":6,"href":"https:\/\/janazaethic.com\/index.php\/wp-json\/wp\/v2\/pages\/12\/revisions"}],"predecessor-version":[{"id":195,"href":"https:\/\/janazaethic.com\/index.php\/wp-json\/wp\/v2\/pages\/12\/revisions\/195"}],"wp:featuredmedia":[{"embeddable":true,"href":"https:\/\/janazaethic.com\/index.php\/wp-json\/wp\/v2\/media\/64"}],"wp:attachment":[{"href":"https:\/\/janazaethic.com\/index.php\/wp-json\/wp\/v2\/media?parent=12"}],"curies":[{"name":"wp","href":"https:\/\/api.w.org\/{rel}","templated":true}]}}