{"id":141,"date":"2023-05-21T09:24:20","date_gmt":"2023-05-21T09:24:20","guid":{"rendered":"https:\/\/janazaethic.com\/index.php\/home\/"},"modified":"2024-08-16T18:08:14","modified_gmt":"2024-08-16T18:08:14","slug":"home","status":"publish","type":"page","link":"https:\/\/janazaethic.com\/","title":{"rendered":"Accueil"},"content":{"rendered":"<div class=\"wpb-content-wrapper\"><p>[vc_row padding_top_multiplier=\u00a0\u00bb5x\u00a0\u00bb padding_bottom_multiplier=\u00a0\u00bb\u00a0\u00bb rc_bg_type=\u00a0\u00bbcolor\u00a0\u00bb rc_bg_color=\u00a0\u00bb#efedea\u00a0\u00bb][vc_column width=\u00a0\u00bb1\/2&Prime; vertical_content_position=\u00a0\u00bbmiddle\u00a0\u00bb mobile_column_order=\u00a0\u00bb2&Prime;]<h1 class=\"grve-element grve-title grve-align-inherit grve-h1\"><span><span style=\"color: #c6a127;\">Janaza Ethic<\/span> : Des Services Fun\u00e9raires<\/span><\/h1>[vc_column_text css=\u00a0\u00bb\u00a0\u00bb text_style=\u00a0\u00bbleader-text\u00a0\u00bb]<\/p>\n<p style=\"text-align: justify;\">Nous offrons des services fun\u00e9raires islamiques complets et \u00e9thiques, assurant respect et dignit\u00e9 pour vos proches en toute circonstance.[\/vc_column_text]<div style=\"height: 40px;\" class=\"grve-empty-space\"><\/div>[\/vc_column][vc_column width=\u00a0\u00bb1\/2&Prime; mobile_column_order=\u00a0\u00bb1&Prime;]<div class=\"grve-element grve-image grve-align-center\">\r\n\t<div class=\"grve-image-item\">\r\n\t\t\r\n\r\n<div class=\"grve-image-wrapper grve-no-effect\">\r\n\t\t<div class=\"grve-thumbnail-wrapper\"  style=\"width: 1146px;\"><div class=\"grve-thumbnail\"  style=\"padding-top: 118.412%;\"><img fetchpriority=\"high\" decoding=\"async\" width=\"1146\" height=\"1357\" src=\"https:\/\/janazaethic.com\/wp-content\/uploads\/2024\/07\/Janaza-Accueil-2.png\" class=\"attachment-full size-full\" alt=\"\" srcset=\"https:\/\/janazaethic.com\/wp-content\/uploads\/2024\/07\/Janaza-Accueil-2.png 1x,https:\/\/janazaethic.com\/wp-content\/uploads\/2024\/07\/Janaza-Accueil-2.png 2x\" data-column-space=\"auto\" data-lazyload=\"\" data-grve-filter=\"yes\" \/><\/div><\/div>\t<\/div>\r\n\t<\/div>\r\n<\/div>\r\n[\/vc_column][vc_column desktop_hide=\u00a0\u00bbhide\u00a0\u00bb tablet_width=\u00a0\u00bbhide\u00a0\u00bb tablet_sm_width=\u00a0\u00bbhide\u00a0\u00bb mobile_column_order=\u00a0\u00bb3&Prime;]<div style=\"height: 40px;\" class=\"grve-empty-space\"><\/div>[\/vc_column][\/vc_row][vc_row padding_top_multiplier=\u00a0\u00bb4x\u00a0\u00bb padding_bottom_multiplier=\u00a0\u00bb4x\u00a0\u00bb rc_bg_type=\u00a0\u00bbcolor\u00a0\u00bb rc_bg_color=\u00a0\u00bb#f7f7f7&Prime;][vc_column content_width=\u00a0\u00bbcustom\u00a0\u00bb horizontal_content_position=\u00a0\u00bbcenter\u00a0\u00bb text_align=\u00a0\u00bbcenter\u00a0\u00bb rc_bg_type=\u00a0\u00bbcolor\u00a0\u00bb mobile_text_align=\u00a0\u00bbleft\u00a0\u00bb rc_bg_color=\u00a0\u00bb#f7f7f7&Prime; custom_content_width=\u00a0\u00bb770&Prime;]<h3 class=\"grve-element grve-title grve-align-inherit grve-subtitle-text grve-text-primary-1\"><span>Organisation et Assistance Professionnelles<\/span><\/h3><h2 class=\"grve-element grve-title grve-align-inherit grve-h2 grve-text-black\"><span>Services Fun\u00e9raires Complets et Accompagnement Personnalis\u00e9<\/span><\/h2>[\/vc_column][vc_column]<div class=\"grve-empty-space grve-height-4x\"><\/div>[\/vc_column][vc_column width=\u00a0\u00bb1\/2&Prime; content_width=\u00a0\u00bbcustom\u00a0\u00bb vertical_content_position=\u00a0\u00bbmiddle\u00a0\u00bb mobile_column_order=\u00a0\u00bb2&Prime; custom_content_width=\u00a0\u00bb370&Prime;]<h3 class=\"grve-element grve-title grve-align-inherit grve-h4\"><span>Assistance D\u00e9c\u00e8s 24h\/24 et 7j\/7<\/span><\/h3>[vc_column_text css=\u00a0\u00bb\u00a0\u00bb]<\/p>\n<p style=\"text-align: justify;\">Janaza Ethic assure une intervention rapide et disponible 24h\/24, 7 jours sur 7, pour l&rsquo;organisation compl\u00e8te des obs\u00e8ques selon les rites musulmans.[\/vc_column_text]<div class=\"grve-empty-space grve-height-1x\"><\/div><div class=\"grve-element grve-align-inherit\"><a href=\"https:\/\/janazaethic.com\/index.php\/services\/\" title=\"About\" class=\"grve-btn-text grve-btn-line grve-line-right grve-text-black grve-text-hover-black grve-btn-medium\">\r\n\t\t<div class=\"grve-btn-inner\">\r\n\t\t<span>Lire Plus<\/span>\r\n\t\t\t<span class=\"grve-line grve-bg-primary-1\"><\/span>\r\n\t\t\t\t\t\t\t<\/div>\r\n\t<\/a><\/div>[\/vc_column][vc_column width=\u00a0\u00bb1\/2&Prime; mobile_column_order=\u00a0\u00bb1&Prime;]<div data-animation=\"fade-in-up\" data-delay=\"100\" data-duration=\"normal\" class=\"grve-element grve-image grve-align-center grve-animated-item\">\r\n\t<div class=\"grve-image-item\">\r\n\t\t\r\n\r\n<div class=\"grve-image-wrapper grve-no-effect\">\r\n\t\t<div class=\"grve-thumbnail-wrapper\"  style=\"width: 768px;\"><div class=\"grve-thumbnail\"  style=\"padding-top: 69.792%;\"><img decoding=\"async\" width=\"768\" height=\"536\" src=\"https:\/\/janazaethic.com\/wp-content\/uploads\/2024\/07\/Janaza-ethic-Mosque-avec-croissant-768x536.png\" class=\"attachment-medium_large size-medium_large\" alt=\"\" data-column-space=\"auto\" data-lazyload=\"\" data-grve-filter=\"yes\" srcset=\"https:\/\/janazaethic.com\/wp-content\/uploads\/2024\/07\/Janaza-ethic-Mosque-avec-croissant-768x536.png 768w, https:\/\/janazaethic.com\/wp-content\/uploads\/2024\/07\/Janaza-ethic-Mosque-avec-croissant-300x209.png 300w, https:\/\/janazaethic.com\/wp-content\/uploads\/2024\/07\/Janaza-ethic-Mosque-avec-croissant.png 1000w\" sizes=\"(max-width: 768px) 100vw, 768px\" \/><\/div><\/div>\t<\/div>\r\n\t<\/div>\r\n<\/div>\r\n[\/vc_column][vc_column mobile_width=\u00a0\u00bbhide\u00a0\u00bb]<div class=\"grve-empty-space grve-height-4x\"><\/div>[\/vc_column][vc_column width=\u00a0\u00bb1\/2&Prime;]<div data-animation=\"fade-in-up\" data-delay=\"200\" data-duration=\"normal\" class=\"grve-element grve-image grve-align-center grve-animated-item\">\r\n\t<div class=\"grve-image-item\">\r\n\t\t\r\n\r\n<div class=\"grve-image-wrapper grve-no-effect\">\r\n\t\t<div class=\"grve-thumbnail-wrapper\"  style=\"width: 768px;\"><div class=\"grve-thumbnail\"  style=\"padding-top: 69.792%;\"><img decoding=\"async\" width=\"768\" height=\"536\" src=\"https:\/\/janazaethic.com\/wp-content\/uploads\/2024\/07\/juliana-trGaHKJHJKpoOPOPpTWUQ-unsplash-768x536.png\" class=\"attachment-medium_large size-medium_large\" alt=\"\" data-column-space=\"auto\" data-lazyload=\"\" data-grve-filter=\"yes\" srcset=\"https:\/\/janazaethic.com\/wp-content\/uploads\/2024\/07\/juliana-trGaHKJHJKpoOPOPpTWUQ-unsplash-768x536.png 768w, https:\/\/janazaethic.com\/wp-content\/uploads\/2024\/07\/juliana-trGaHKJHJKpoOPOPpTWUQ-unsplash-300x209.png 300w, https:\/\/janazaethic.com\/wp-content\/uploads\/2024\/07\/juliana-trGaHKJHJKpoOPOPpTWUQ-unsplash.png 1000w\" sizes=\"(max-width: 768px) 100vw, 768px\" \/><\/div><\/div>\t<\/div>\r\n\t<\/div>\r\n<\/div>\r\n[\/vc_column][vc_column width=\u00a0\u00bb1\/2&Prime; content_width=\u00a0\u00bbcustom\u00a0\u00bb vertical_content_position=\u00a0\u00bbmiddle\u00a0\u00bb mobile_text_align=\u00a0\u00bbleft\u00a0\u00bb custom_content_width=\u00a0\u00bb370&Prime; grve_css=\u00a0\u00bb{\u00ab\u00a0desktop\u00ab\u00a0:{\u00ab\u00a0padding-left\u00ab\u00a0:\u00ab\u00a010%\u00ab\u00a0,\u00ab\u00a0class\u00ab\u00a0:\u00ab\u00a0grve-wpb-1684733862532\u00ab\u00a0}}\u00a0\u00bb]<h3 class=\"grve-element grve-title grve-align-inherit grve-h4\"><span>Conseils et Aides au Financement<\/span><\/h3>[vc_column_text css=\u00a0\u00bb\u00a0\u00bb]<\/p>\n<p style=\"text-align: justify;\">Nous vous guidons dans les d\u00e9marches d&rsquo;aides au financement des obs\u00e8ques, ainsi que dans toutes les formalit\u00e9s administratives n\u00e9cessaires au rapatriement ou \u00e0 l&rsquo;inhumation.[\/vc_column_text]<div class=\"grve-empty-space grve-height-1x\"><\/div><div class=\"grve-element grve-align-inherit\"><a href=\"https:\/\/janazaethic.com\/index.php\/services\/\" title=\"Services\" class=\"grve-btn-text grve-btn-line grve-line-right grve-text-black grve-text-hover-black grve-btn-medium\">\r\n\t\t<div class=\"grve-btn-inner\">\r\n\t\t<span>Lire Plus<\/span>\r\n\t\t\t<span class=\"grve-line grve-bg-primary-1\"><\/span>\r\n\t\t\t\t\t\t\t<\/div>\r\n\t<\/a><\/div>[\/vc_column][\/vc_row][vc_row padding_top_multiplier=\u00a0\u00bb4x\u00a0\u00bb padding_bottom_multiplier=\u00a0\u00bb6x\u00a0\u00bb scroll_header_skin=\u00a0\u00bblight\u00a0\u00bb][vc_column][vc_row_inner rc_heading_color=\u00a0\u00bbprimary-1&Prime; columns_gap=\u00a0\u00bb60&Prime;][vc_column_inner content_width=\u00a0\u00bbcustom\u00a0\u00bb horizontal_content_position=\u00a0\u00bbcenter\u00a0\u00bb text_align=\u00a0\u00bbcenter\u00a0\u00bb grve_css=\u00a0\u00bb{\u00ab\u00a0desktop\u00ab\u00a0:{\u00ab\u00a0padding-right\u00ab\u00a0:\u00ab\u00a05%\u00ab\u00a0,\u00ab\u00a0class\u00ab\u00a0:\u00ab\u00a0grve-wpb-1723829021130\u00ab\u00a0}}\u00a0\u00bb custom_content_width=\u00a0\u00bb770&Prime;]<h3 class=\"grve-element grve-title grve-align-inherit grve-subtitle-text grve-text-primary-1\"><span>En cas de d\u00e9c\u00e8s<\/span><\/h3><h2 class=\"grve-element grve-title grve-align-inherit grve-h2 grve-text-black\"><span>Constatation du d\u00e9c\u00e8s : Domicile et H\u00f4pital<\/span><\/h2><div class=\"grve-empty-space grve-height-4x\"><\/div>[\/vc_column_inner][vc_column_inner width=\u00a0\u00bb1\/2&Prime; rc_heading_color=\u00a0\u00bbblack\u00a0\u00bb]<h3 class=\"grve-element grve-title grve-align-inherit grve-h4\"><span>\u00c0 domicile<\/span><\/h3>[vc_column_text css=\u00a0\u00bb\u00a0\u00bb]<\/p>\n<p style=\"text-align: justify;\">Lorsqu&rsquo;un d\u00e9c\u00e8s survient \u00e0 domicile, il est essentiel de faire constater le d\u00e9c\u00e8s par un m\u00e9decin ou le SAMU.<br \/>\nSi un rapatriement \u00e0 l&rsquo;\u00e9tranger est n\u00e9cessaire, demandez au m\u00e9decin de fournir un certificat m\u00e9dical de mort naturelle (certificat de non-contagion).[\/vc_column_text][\/vc_column_inner][vc_column_inner width=\u00a0\u00bb1\/2&Prime; rc_heading_color=\u00a0\u00bbblack\u00a0\u00bb mobile_width=\u00a0\u00bbhide\u00a0\u00bb]<h3 class=\"grve-element grve-title grve-align-inherit grve-h4\"><span>\u00c0 l&rsquo;h\u00f4pital<\/span><\/h3>[vc_column_text css=\u00a0\u00bb\u00a0\u00bb]<\/p>\n<p style=\"text-align: justify;\">Le m\u00e9decin du service se chargera de constater le d\u00e9c\u00e8s. Si un rapatriement est pr\u00e9vu, il est important de pr\u00e9ciser cette information afin d&rsquo;obtenir un certificat m\u00e9dical de mort naturelle (certificat de non-contagion).<\/p>\n<p>[\/vc_column_text][\/vc_column_inner][vc_column_inner]<div class=\"grve-empty-space grve-height-3x\"><\/div><h3 class=\"grve-element grve-title grve-align-inherit grve-h4\"><span>Les missions de Janaza Ethic<\/span><\/h3><div class=\"grve-empty-space grve-height-2x\"><\/div>[\/vc_column_inner][vc_column_inner width=\u00a0\u00bb1\/2&Prime;]<div data-animation=\"fade-in-up\" data-delay=\"200\" data-duration=\"normal\" class=\"grve-element grve-box-icon grve-small grve-top-icon grve-animated-item grve-align-left\"><div class=\"grve-wrapper-icon\" style=\"\"><span class=\"grve-box-icon et-icon-pencil grve-text-black\"><\/span><\/div><div class=\"grve-box-content\"><h3 class=\"grve-box-title grve-h6\">D\u00e9claration du d\u00e9c\u00e8s<\/h3><p class=\"\">\n\n\n<p style=\"text-align: justify;\">Les Pompes fun\u00e8bres Janaza Ethic soccupe des d\u00e9marches :\n\n\n<p style=\"text-align: justify;\">\n<ul>\n<li>Pour le rapatriement : Janaza Ethic s\u2019occupe de d\u00e9clarer le d\u00e8c\u00e9s aupr\u00e8s de la Mairie, la pr\u00e9fecture et le consulat.<\/li>\n<li>Pour l\u2019inhumation locale : D\u00e9claration \u00e0 la mairie et \u00e0 la cimenti\u00e8re.<\/li>\n<\/ul>\n<\/p><\/div><\/div>[\/vc_column_inner][vc_column_inner width=\u00a0\u00bb1\/2&Prime;]<div data-animation=\"fade-in-up\" data-delay=\"400\" data-duration=\"normal\" class=\"grve-element grve-box-icon grve-small grve-top-icon grve-animated-item grve-align-left\"><div class=\"grve-wrapper-icon\" style=\"\"><span class=\"grve-box-icon et-icon-map-pin grve-text-black\"><\/span><\/div><div class=\"grve-box-content\"><h3 class=\"grve-box-title grve-h6\">Transport<\/h3><p class=\"\">\n\n\n<p style=\"text-align: justify;\">En cas de d\u00e9c\u00e8s \u00e0 domicile, Janaza Ethic assure le transfert du d\u00e9funt vers une chambre fun\u00e9raire. Si la famille souhaite conserver le corps, nous fournissons une table r\u00e9frig\u00e9r\u00e9e pour maintenir le corps \u00e0 une temp\u00e9rature appropri\u00e9e.<\/p><\/div><\/div>[\/vc_column_inner][vc_column_inner]<div class=\"grve-empty-space grve-height-3x\"><\/div>[\/vc_column_inner][vc_column_inner width=\u00a0\u00bb1\/2&Prime;]<div data-animation=\"fade-in-up\" data-delay=\"300\" data-duration=\"normal\" class=\"grve-element grve-box-icon grve-small grve-top-icon grve-animated-item grve-align-left\"><div class=\"grve-wrapper-icon\" style=\"\"><span class=\"grve-box-icon et-icon-heart grve-text-black\"><\/span><\/div><div class=\"grve-box-content\"><h3 class=\"grve-box-title grve-h6 grve-text-primary-1\">Toilette rituelle<\/h3><p class=\"\">\n\n\n<p style=\"text-align: justify;\">La toilette rituelle est une pratique fondamentale dans l\u2019islam. Que ce soit en chambre fun\u00e9raire, en chambre mortuaire ou \u00e0 domicile, nos professionnels hommes et femmes qualifi\u00e9s accomplissent cette toilette selon les prescriptions religieuses islamiques, garantissant le respect total de ce rite.<\/p><\/div><\/div>[\/vc_column_inner][vc_column_inner width=\u00a0\u00bb1\/2&Prime;]<div data-animation=\"fade-in-up\" data-delay=\"500\" data-duration=\"normal\" class=\"grve-element grve-box-icon grve-small grve-top-icon grve-animated-item grve-align-left\"><div class=\"grve-wrapper-icon\" style=\"\"><span class=\"grve-box-icon et-icon-flag grve-text-black\"><\/span><\/div><div class=\"grve-box-content\"><h3 class=\"grve-box-title grve-h6 grve-text-primary-1\">Transfert et r\u00e9ception \u00e0 l\u2019a\u00e9roport jusqu\u2019au lieu d\u2019inhumation<\/h3><p class=\"\">\n\n\n<p style=\"text-align: justify;\">Nous prenons en charge le transfert du d\u00e9funt vers le lieu d\u2019inhumation, que ce soit en France ou \u00e0 l\u2019\u00e9tranger en cas de rapatriement. Nous organisons \u00e9galement le transport en ambulance jusqu&rsquo;au lieu de repos final.<\/p><\/div><\/div>[\/vc_column_inner][vc_column_inner]<div class=\"grve-empty-space grve-height-3x\"><\/div>[\/vc_column_inner][vc_column_inner width=\u00a0\u00bb1\/2&Prime;]<div data-animation=\"fade-in-up\" data-delay=\"500\" data-duration=\"normal\" class=\"grve-element grve-box-icon grve-medium grve-top-icon grve-animated-item grve-align-left\"><div class=\"grve-wrapper-icon\" style=\"\"><div id=\"grve-svg-6a061b6e23014\" data-file=\"https:\/\/janazaethic.com\/wp-content\/uploads\/2024\/08\/mosquee-al-aqsaa.svg\" class=\"grve-box-icon grve-custom-svg-icon grve-text-black\"><\/div><\/div><div class=\"grve-box-content\"><h3 class=\"grve-box-title grve-h6 grve-text-primary-1\">C\u00e9r\u00e9monie et pri\u00e8re religieuse<\/h3><p class=\"\">\n\n\n<p style=\"text-align: justify;\">Janaza Ethic se charge de l\u2019organisation de la pri\u00e8re religieuse dans les lieux appropri\u00e9s avant l\u2019inhumation ou le rapatriement, une \u00e9tape cruciale dans les obs\u00e8ques musulmanes.<\/p><\/div><\/div>[\/vc_column_inner][vc_column_inner width=\u00a0\u00bb1\/2&Prime;][\/vc_column_inner][\/vc_row_inner][\/vc_column][\/vc_row][vc_row section_type=\u00a0\u00bbfullwidth\u00a0\u00bb padding_top_multiplier=\u00a0\u00bb\u00a0\u00bb padding_bottom_multiplier=\u00a0\u00bb\u00a0\u00bb rc_bg_type=\u00a0\u00bbcolor\u00a0\u00bb rc_bg_color=\u00a0\u00bbrgba(198,161,39,0.2)\u00a0\u00bb][vc_column width=\u00a0\u00bb1\/2&Prime; content_width=\u00a0\u00bbcustom\u00a0\u00bb horizontal_content_position=\u00a0\u00bbcenter\u00a0\u00bb vertical_content_position=\u00a0\u00bbmiddle\u00a0\u00bb custom_content_width=\u00a0\u00bb470&Prime; grve_css=\u00a0\u00bb{\u00ab\u00a0desktop\u00ab\u00a0:{\u00ab\u00a0margin-top\u00ab\u00a0:\u00ab\u00a050\u00ab\u00a0,\u00ab\u00a0padding-top\u00ab\u00a0:\u00ab\u00a00\u00ab\u00a0,\u00ab\u00a0padding-right\u00ab\u00a0:\u00ab\u00a00\u00ab\u00a0,\u00ab\u00a0padding-bottom\u00ab\u00a0:\u00ab\u00a00\u00ab\u00a0,\u00ab\u00a0padding-left\u00ab\u00a0:\u00ab\u00a00\u00ab\u00a0,\u00ab\u00a0class\u00ab\u00a0:\u00ab\u00a0grve-wpb-1721984139485\u00ab\u00a0},\u00ab\u00a0mobile_landscape\u00ab\u00a0:{\u00ab\u00a0padding-top\u00ab\u00a0:\u00ab\u00a010%\u00ab\u00a0,\u00ab\u00a0padding-right\u00ab\u00a0:\u00ab\u00a07%\u00ab\u00a0,\u00ab\u00a0padding-bottom\u00ab\u00a0:\u00ab\u00a07%\u00ab\u00a0,\u00ab\u00a0padding-left\u00ab\u00a0:\u00ab\u00a07%\u00ab\u00a0}}\u00a0\u00bb]<div class=\"grve-element grve-slogan grve-align-inherit\"><div class=\"grve-subtitle grve-text-primary-1\">Obs\u00e8ques Musulmanes avec Janaza Ethic<\/div><h2 class=\"grve-slogan-title grve-align-inherit grve-h2\" style=\"\"><span>Janaza Ethic \u00e0 votre \u00e9coute<\/span><\/h2><p class=\"\">Janaza Ethic offre une expertise compl\u00e8te dans les obs\u00e8ques musulmanes, alliant respect, disponibilit\u00e9 24\/7, et conformit\u00e9 aux rites islamiques, tant au niveau local qu&rsquo;international.<\/p><div class=\"grve-btn-wrapper\"><a href=\"https:\/\/janazaethic.com\/index.php\/contact\/\" title=\"Contact\" class=\"grve-btn grve-extra-round grve-bg-primary-1 grve-border-primary-1 grve-bg-hover-black grve-border-hover-black grve-text-white grve-text-hover-white grve-btn-medium\">\r\n\t\t<span>Contact<\/span>\r\n\t\t\t\t\t\t\t<\/a><\/div><\/div>[\/vc_column][vc_column width=\u00a0\u00bb1\/2&Prime; grve_css=\u00a0\u00bb{\u00ab\u00a0desktop\u00ab\u00a0:{\u00ab\u00a0margin-top\u00ab\u00a0:\u00ab\u00a0-90\u00ab\u00a0,\u00ab\u00a0class\u00ab\u00a0:\u00ab\u00a0grve-wpb-1684662608573\u00ab\u00a0}}\u00a0\u00bb]<div class=\"grve-element grve-image grve-align-center grve-image-space-100 grve-image-expand-width\">\r\n\t<div class=\"grve-image-item\">\r\n\t\t\r\n\r\n<div class=\"grve-image-wrapper grve-no-effect\">\r\n\t\t<div class=\"grve-thumbnail-wrapper\"><div class=\"grve-thumbnail\"  style=\"padding-top: 66.536%;\"><img loading=\"lazy\" decoding=\"async\" width=\"768\" height=\"511\" src=\"https:\/\/janazaethic.com\/wp-content\/uploads\/2024\/07\/Janaza-Ethic-Accueil-Final-768x511.png\" class=\"attachment-medium_large size-medium_large\" alt=\"\" data-column-space=\"100\" data-lazyload=\"\" data-grve-filter=\"yes\" srcset=\"https:\/\/janazaethic.com\/wp-content\/uploads\/2024\/07\/Janaza-Ethic-Accueil-Final-768x511.png 768w, https:\/\/janazaethic.com\/wp-content\/uploads\/2024\/07\/Janaza-Ethic-Accueil-Final-300x200.png 300w, https:\/\/janazaethic.com\/wp-content\/uploads\/2024\/07\/Janaza-Ethic-Accueil-Final-1024x682.png 1024w, https:\/\/janazaethic.com\/wp-content\/uploads\/2024\/07\/Janaza-Ethic-Accueil-Final-1536x1023.png 1536w, https:\/\/janazaethic.com\/wp-content\/uploads\/2024\/07\/Janaza-Ethic-Accueil-Final.png 1918w\" sizes=\"(max-width: 768px) 100vw, 768px\" \/><\/div><\/div>\t<\/div>\r\n\t<\/div>\r\n<\/div>\r\n[\/vc_column][\/vc_row][vc_row padding_top_multiplier=\u00a0\u00bb2x\u00a0\u00bb padding_bottom_multiplier=\u00a0\u00bb2x\u00a0\u00bb rc_heading_color=\u00a0\u00bbblack\u00a0\u00bb rc_bg_type=\u00a0\u00bbcolor\u00a0\u00bb columns_gap=\u00a0\u00bbnone\u00a0\u00bb mobile_columns_vertical_gap=\u00a0\u00bbnone\u00a0\u00bb scroll_header_skin=\u00a0\u00bblight\u00a0\u00bb rc_font_color=\u00a0\u00bb#000000&Prime; rc_bg_color=\u00a0\u00bbrgba(198,161,39,0.2)\u00a0\u00bb][vc_column width=\u00a0\u00bb1\/4&Prime; grve_css=\u00a0\u00bb{\u00ab\u00a0desktop\u00ab\u00a0:{\u00ab\u00a0border-right\u00ab\u00a0:1,\u00ab\u00a0border-color\u00ab\u00a0:\u00ab\u00a0#ffffff\u00ab\u00a0,\u00ab\u00a0border-style\u00ab\u00a0:\u00ab\u00a0solid\u00ab\u00a0,\u00ab\u00a0class\u00ab\u00a0:\u00ab\u00a0grve-wpb-1638619899193\u00ab\u00a0},\u00ab\u00a0mobile_landscape\u00ab\u00a0:{\u00ab\u00a0border-right\u00ab\u00a0:0,\u00ab\u00a0border-bottom\u00ab\u00a0:1}}\u00a0\u00bb]<div class=\"grve-empty-space grve-height-1x\"><\/div><div data-animation=\"fade-in-up\" data-delay=\"200\" data-duration=\"normal\" class=\"grve-element grve-counter grve-align-center grve-animated-item\"><div class=\"grve-counter-content\"><div class=\"grve-counter-item grve-h1 grve-text-black grve-increase-heading grve-heading-140\"><span data-thousands-separator-vis=\"\" data-thousands-separator=\",\" data-prefix=\"+\" data-suffix=\"\" data-start-val=\"0\" data-end-val=\"20\" data-decimal-points=\"0\" data-decimal-separator=\".\" >0<\/span><\/div><h3 class=\"grve-counter-title grve-leader-text\">Pays sur 3 continents<\/h3><\/div><\/div><div class=\"grve-empty-space grve-height-1x\"><\/div>[\/vc_column][vc_column width=\u00a0\u00bb3\/4&Prime; content_width=\u00a0\u00bb80&Prime; grve_css=\u00a0\u00bb{\u00ab\u00a0desktop\u00ab\u00a0:{\u00ab\u00a0padding-left\u00ab\u00a0:\u00ab\u00a040\u00ab\u00a0,\u00ab\u00a0class\u00ab\u00a0:\u00ab\u00a0grve-wpb-1723831490845\u00ab\u00a0}}\u00a0\u00bb]<div class=\"grve-empty-space grve-height-1x\"><\/div><h3 class=\"grve-element grve-title grve-align-inherit grve-h4\"><span>Les pays de rapatriement trait\u00e9<\/span><\/h3>[vc_column_text css=\u00a0\u00bb\u00a0\u00bb]<\/p>\n<p style=\"text-align: justify;\">Alg\u00e9rie, Maroc, Tunisie, \u00c9gypte, Mauritanie, Mali, S\u00e9n\u00e9gal, Guin\u00e9e, Comores, C\u00f4te d\u2019ivoire, Cameroun, Mayotte, Corse, Pakistan, Bangladesh, Turquie, Inde, Suisse, Belgique, Su\u00e8de&#8230;<\/p>\n<p>[\/vc_column_text]<div class=\"grve-empty-space grve-height-1x\"><\/div>[\/vc_column][\/vc_row][vc_row padding_top_multiplier=\u00a0\u00bb4x\u00a0\u00bb padding_bottom_multiplier=\u00a0\u00bb4x\u00a0\u00bb][vc_column content_width=\u00a0\u00bbcustom\u00a0\u00bb horizontal_content_position=\u00a0\u00bbcenter\u00a0\u00bb text_align=\u00a0\u00bbcenter\u00a0\u00bb tablet_sm_width=\u00a0\u00bb1&Prime; custom_content_width=\u00a0\u00bb570&Prime;]<h3 data-clipping-color=\"primary-1\" data-animation=\"colored-clipping-left\" data-delay=\"0\" data-duration=\"normal\" class=\"grve-element grve-title grve-align-inherit grve-clipping-animation grve-advanced-animation grve-colored-clipping grve-animated-item grve-subtitle-text grve-text-primary-1\" style=\"margin-bottom: 30px;\"><span>Notre Engagement \u00c9thique<\/span><\/h3><h2 class=\"grve-element grve-title grve-align-inherit grve-h2 grve-text-black\"><span>Services Fun\u00e9raires Islamiques Complets et Respectueux<\/span><\/h2>[\/vc_column][vc_column]<div class=\"grve-empty-space grve-height-2x\"><\/div>[\/vc_column][vc_column tablet_sm_width=\u00a0\u00bb1&Prime;][vc_row_inner][vc_column_inner grve_css=\u00a0\u00bb{\u00ab\u00a0desktop\u00ab\u00a0:{\u00ab\u00a0padding-right\u00ab\u00a0:\u00ab\u00a020\u00ab\u00a0,\u00ab\u00a0padding-left\u00ab\u00a0:\u00ab\u00a020\u00ab\u00a0,\u00ab\u00a0border-color\u00ab\u00a0:\u00ab\u00a0#e1e1e1\u00ab\u00a0,\u00ab\u00a0border-style\u00ab\u00a0:\u00ab\u00a0none\u00ab\u00a0,\u00ab\u00a0class\u00ab\u00a0:\u00ab\u00a0grve-wpb-1721985228032\u00ab\u00a0}}\u00a0\u00bb][vc_column_text css=\u00a0\u00bb\u00a0\u00bb]<\/p>\n<p style=\"text-align: justify;\">Notre \u00e9thique professionnelle ne se r\u00e9sume pas \u00e0 une r\u00e9flexion th\u00e9orique et abstraite. Elle repr\u00e9sente notre engagement \u00e0 respecter des devoirs, des obligations et des r\u00e8gles d\u00e9ontologiques, guid\u00e9s par les pr\u00e9ceptes de l&rsquo;islam. Nous aspirons \u00e0 un id\u00e9al professionnel que nous souhaitons partager avec les familles que nous accompagnons.<\/p>\n<p style=\"text-align: justify;\">Les Pompes Fun\u00e8bres Musulmanes JANAZA ETHIC offrent une gamme compl\u00e8te de services pour faciliter l&rsquo;organisation des obs\u00e8ques de vos proches. Nous assurons le rapatriement vers le pays d&rsquo;origine ou l&rsquo;inhumation dans un carr\u00e9 musulman en France.<\/p>\n<p style=\"text-align: justify;\">Nous vous apportons un soutien de proximit\u00e9 pour toutes les d\u00e9marches administratives aupr\u00e8s de la mairie et des autorit\u00e9s minist\u00e9rielles, ainsi que pour le transport du corps depuis le domicile ou la chambre fun\u00e9raire jusqu&rsquo;\u00e0 l&rsquo;inhumation, que ce soit en France ou dans le pays d&rsquo;origine.<\/p>\n<p>Notre objectif est de cr\u00e9er un v\u00e9ritable contrat moral avec les familles, fond\u00e9 sur le respect des traditions et coutumes musulmanes.[\/vc_column_text][\/vc_column_inner][\/vc_row_inner][\/vc_column][\/vc_row]<\/p>\n<\/div>","protected":false},"excerpt":{"rendered":"<p>[vc_row padding_top_multiplier=\u00a0\u00bb5x\u00a0\u00bb padding_bottom_multiplier=\u00a0\u00bb\u00a0\u00bb rc_bg_type=\u00a0\u00bbcolor\u00a0\u00bb rc_bg_color=\u00a0\u00bb#efedea\u00a0\u00bb][vc_column width=\u00a0\u00bb1\/2&Prime; vertical_content_position=\u00a0\u00bbmiddle\u00a0\u00bb mobile_column_order=\u00a0\u00bb2&Prime;][vc_column_text css=\u00a0\u00bb\u00a0\u00bb text_style=\u00a0\u00bbleader-text\u00a0\u00bb] Nous offrons des services fun\u00e9raires islamiques complets et \u00e9thiques, assurant respect et dignit\u00e9 pour vos proches en toute circonstance.[\/vc_column_text][\/vc_column][vc_column width=\u00a0\u00bb1\/2&Prime; mobile_column_order=\u00a0\u00bb1&Prime;][\/vc_column][vc_column desktop_hide=\u00a0\u00bbhide\u00a0\u00bb tablet_width=\u00a0\u00bbhide\u00a0\u00bb tablet_sm_width=\u00a0\u00bbhide\u00a0\u00bb mobile_column_order=\u00a0\u00bb3&Prime;][\/vc_column][\/vc_row][vc_row padding_top_multiplier=\u00a0\u00bb4x\u00a0\u00bb padding_bottom_multiplier=\u00a0\u00bb4x\u00a0\u00bb rc_bg_type=\u00a0\u00bbcolor\u00a0\u00bb rc_bg_color=\u00a0\u00bb#f7f7f7&Prime;][vc_column content_width=\u00a0\u00bbcustom\u00a0\u00bb horizontal_content_position=\u00a0\u00bbcenter\u00a0\u00bb text_align=\u00a0\u00bbcenter\u00a0\u00bb rc_bg_type=\u00a0\u00bbcolor\u00a0\u00bb mobile_text_align=\u00a0\u00bbleft\u00a0\u00bb rc_bg_color=\u00a0\u00bb#f7f7f7&Prime; custom_content_width=\u00a0\u00bb770&Prime;][\/vc_column][vc_column][\/vc_column][vc_column width=\u00a0\u00bb1\/2&Prime; content_width=\u00a0\u00bbcustom\u00a0\u00bb vertical_content_position=\u00a0\u00bbmiddle\u00a0\u00bb mobile_column_order=\u00a0\u00bb2&Prime; custom_content_width=\u00a0\u00bb370&Prime;][vc_column_text css=\u00a0\u00bb\u00a0\u00bb] Janaza Ethic assure [&hellip;]<\/p>\n","protected":false},"author":1,"featured_media":97,"parent":0,"menu_order":0,"comment_status":"closed","ping_status":"closed","template":"","meta":{"content-type":"","inline_featured_image":false,"footnotes":""},"class_list":["post-141","page","type-page","status-publish","has-post-thumbnail","hentry","grve-entry-item"],"_links":{"self":[{"href":"https:\/\/janazaethic.com\/index.php\/wp-json\/wp\/v2\/pages\/141","targetHints":{"allow":["GET"]}}],"collection":[{"href":"https:\/\/janazaethic.com\/index.php\/wp-json\/wp\/v2\/pages"}],"about":[{"href":"https:\/\/janazaethic.com\/index.php\/wp-json\/wp\/v2\/types\/page"}],"author":[{"embeddable":true,"href":"https:\/\/janazaethic.com\/index.php\/wp-json\/wp\/v2\/users\/1"}],"replies":[{"embeddable":true,"href":"https:\/\/janazaethic.com\/index.php\/wp-json\/wp\/v2\/comments?post=141"}],"version-history":[{"count":114,"href":"https:\/\/janazaethic.com\/index.php\/wp-json\/wp\/v2\/pages\/141\/revisions"}],"predecessor-version":[{"id":507,"href":"https:\/\/janazaethic.com\/index.php\/wp-json\/wp\/v2\/pages\/141\/revisions\/507"}],"wp:featuredmedia":[{"embeddable":true,"href":"https:\/\/janazaethic.com\/index.php\/wp-json\/wp\/v2\/media\/97"}],"wp:attachment":[{"href":"https:\/\/janazaethic.com\/index.php\/wp-json\/wp\/v2\/media?parent=141"}],"curies":[{"name":"wp","href":"https:\/\/api.w.org\/{rel}","templated":true}]}}