{"id":249,"date":"2024-07-22T07:56:40","date_gmt":"2024-07-22T07:56:40","guid":{"rendered":"https:\/\/janazaethic.com\/index.php\/mentions-legales-copy\/"},"modified":"2024-08-29T11:23:23","modified_gmt":"2024-08-29T11:23:23","slug":"mentions-legales-copy","status":"publish","type":"page","link":"https:\/\/janazaethic.com\/index.php\/mentions-legales-copy\/","title":{"rendered":"Foire aux questions"},"content":{"rendered":"<div class=\"wpb-content-wrapper\"><p>[vc_row padding_top_multiplier=\u00a0\u00bb3x\u00a0\u00bb padding_bottom_multiplier=\u00a0\u00bb3x\u00a0\u00bb][vc_column][vc_tta_accordion][vc_tta_section tab_id=\u00a0\u00bb1721635066195-afff6e0f-7029&Prime; title=\u00a0\u00bbQue faire en cas de d\u00e9c\u00e8s ?\u00a0\u00bb][vc_column_text css=\u00a0\u00bb\u00a0\u00bb]<\/p>\n<ul>\n<li>A domicile : faire appel \u00e0 un m\u00e9decin (traitant, SAMU, urgentiste) pour constater le d\u00e9c\u00e8s. R\u00e9cup\u00e9rer le certificat de d\u00e9c\u00e8s et demander un certificat de mort naturelle OBLIGATOIRE pour tous les rapatriements \u00e0 l\u2019\u00e9tranger.<\/li>\n<li>Possibilit\u00e9 de maintenir le d\u00e9funt \u00e0 domicile avec une table r\u00e9frig\u00e9r\u00e9mise \u00e0 disposition par les pompes fun\u00e8bres. Toilette rituelle et mise en bi\u00e8re depuis le domicile. Cette prestation permet d\u2019\u00e9conomiser le co\u00fbt sur la prestation de la chambre fun\u00e9raire.<\/li>\n<li>D\u00e9c\u00e8s \u00e0 domicile : transfert du d\u00e9funt en chambre fun\u00e9raire.<\/li>\n<li>A l\u2019h\u00f4pital : le m\u00e9decin pr\u00e9sent constate le d\u00e9c\u00e8s et \u00e9tabli le<br \/>\ncertificat de d\u00e9c\u00e8s et ne pas oublier de demander un certificat de<br \/>\nmort naturelle n\u00e9cessaire pour un rapatriement.<\/li>\n<li>En cas de d\u00e9c\u00e8s \u00e0 domicile seul o\u00f9 sur la voie publique, il peut y avoir un obstacle et admission \u00e0 l\u2019institut m\u00e9dicaux l\u00e9gal (IML) qui sera lev\u00e9 par un permis d\u2019inhumer qui sera d\u00e9livr\u00e9 par les services judiciaires (Procureur de la R\u00e9publique). Ce n\u2019est qu\u2019apr\u00e8s avoir obtenu cette autorisation que l\u2019on pourra inhumer o\u00f9 rapatrier le corps.<\/li>\n<li>Sur la voie publique : appeler les urgences (pompiers et, o\u00f9 le SAMU).<\/li>\n<\/ul>\n<p>[\/vc_column_text][\/vc_tta_section][vc_tta_section tab_id=\u00a0\u00bb1724929512529-6b1c2be7-2617&Prime; title=\u00a0\u00bbQui contacter apr\u00e8s le d\u00e9c\u00e8s ?\u00a0\u00bb][vc_column_text css=\u00a0\u00bb\u00a0\u00bb]<\/p>\n<ul>\n<li>L\u2019assurance si le d\u00e9funt en a souscrit une.<\/li>\n<li>La caisse du village si le d\u00e9funt cotisait dans une.<\/li>\n<li>Les pompes fun\u00e8bres pour g\u00e9rer la prestation fun\u00e9raire<\/li>\n<\/ul>\n<p>[\/vc_column_text][\/vc_tta_section][vc_tta_section title=\u00a0\u00bbComment choisir une pompe fun\u00e8bre ?\u00a0\u00bb tab_id=\u00a0\u00bb1721635066195-828d17f6-9ac3&Prime;][vc_column_text css=\u00a0\u00bb\u00a0\u00bb]<\/p>\n<ul>\n<li>En amont des recherches ont \u00e9t\u00e9 faites et le choix est d\u00e9fini.<\/li>\n<li>Vous pouvez contacter di\\\u00e9rentes pompes fun\u00e8bres et \u00e9tablir des<br \/>\ndevis.<\/li>\n<\/ul>\n<p>[\/vc_column_text][\/vc_tta_section][vc_tta_section title=\u00a0\u00bbComment d\u00e9clarer un d\u00e9c\u00e8s ?\u00a0\u00bb tab_id=\u00a0\u00bb1724929846992-47962097-357d\u00a0\u00bb][vc_column_text css=\u00a0\u00bb\u00a0\u00bb]Il faut le certificat de d\u00e9c\u00e8s avec un acte de naissance o\u00f9 le livret de<br \/>\nfamille du d\u00e9funt pour \u00e9tablir l\u2019afiliation. Cette d\u00e9marche est<br \/>\neffectu\u00e9e par les pompes fun\u00e8bres.[\/vc_column_text][\/vc_tta_section][vc_tta_section title=\u00a0\u00bbAutorisation n\u00e9cessaire pour un rapatriement\u00a0\u00bb tab_id=\u00a0\u00bb1724929912906-1948163e-3ebe\u00a0\u00bb][vc_column_text css=\u00a0\u00bb\u00a0\u00bb]<\/p>\n<ul>\n<li>Acte de d\u00e9c\u00e8s et fermeture de cercueil (Mairie)<\/li>\n<li>Autorisation pr\u00e9fectorale (Pr\u00e9fecture)<\/li>\n<li>Autorisation consulaire (Consulat)<\/li>\n<\/ul>\n<p>[\/vc_column_text][\/vc_tta_section][vc_tta_section title=\u00a0\u00bbInhumation locale d\u00e9marches\u00a0\u00bb tab_id=\u00a0\u00bb1724929988129-0b2bdadb-0a2a\u00a0\u00bb][vc_column_text css=\u00a0\u00bb\u00a0\u00bb]<\/p>\n<ul>\n<li>\u00a0Acte de d\u00e9c\u00e8s, fermeture de cercueil, achat de concession (l\u2019achat<br \/>\npeut \u00eatre fait par la famille o\u00f9 les pompes fun\u00e8bres).<\/li>\n<li>Fournir un justificatif de domicile pour l\u2019achat de concession.<\/li>\n<\/ul>\n<p>[\/vc_column_text][\/vc_tta_section][vc_tta_section title=\u00a0\u00bbO\u00f9 puis-je \u00eatre inhumer ?\u00a0\u00bb tab_id=\u00a0\u00bb1724930226294-b6a5e91d-7673&Prime;][vc_column_text css=\u00a0\u00bb\u00a0\u00bb]<\/p>\n<ul>\n<li>Sur mon lieu de d\u00e9c\u00e8s<\/li>\n<li>Dans ma ville de r\u00e9sidence<\/li>\n<li>Dans une concession que j\u2019ai d\u00e9j\u00e0 acquis de mon vivant<\/li>\n<\/ul>\n<p>[\/vc_column_text][\/vc_tta_section][vc_tta_section title=\u00a0\u00bbCahier des charges des cimeti\u00e8res\u00a0\u00bb tab_id=\u00a0\u00bb1724930323035-55f3e9a8-8d1c\u00a0\u00bb][vc_column_text css=\u00a0\u00bb\u00a0\u00bb]<\/p>\n<ul>\n<li>Certains cimeti\u00e8res imposent des travaux sur la s\u00e9pulture selon la<br \/>\ndur\u00e9e d\u2019achat de la concession tel que :<\/li>\n<li>Pose de semelle dans un d\u00e9lai de 3 \u00e0 6 mois apr\u00e8s l\u2019inhumation.<\/li>\n<\/ul>\n<p>[\/vc_column_text][\/vc_tta_section][vc_tta_section title=\u00a0\u00bbPuis-je acheter une concession de mon vivant ?\u00a0\u00bb tab_id=\u00a0\u00bb1724930418125-88859cd2-2fb6&Prime;][vc_column_text css=\u00a0\u00bb\u00a0\u00bb]On peut acqu\u00e9rir une concession de notre vivant, et elle peut contenir de 1 \u00e0 3 places superpos\u00e9e en pleine terre, selon certain cimeti\u00e8re.[\/vc_column_text][\/vc_tta_section][vc_tta_section title=\u00a0\u00bbQuelle est la dur\u00e9e d\u2019une concession ?\u00a0\u00bb tab_id=\u00a0\u00bb1724930459689-36d2c12e-237e\u00a0\u00bb][vc_column_text css=\u00a0\u00bb\u00a0\u00bb]Selon les cimeti\u00e8res 10 \u00e0 15 ans-30 ans- 50 ans et perp\u00e9tuelle.[\/vc_column_text][\/vc_tta_section][vc_tta_section title=\u00a0\u00bbQuel est le co\u00fbt de la concession ?\u00a0\u00bb tab_id=\u00a0\u00bb1724930539810-fb643714-f410&Prime;][vc_column_text css=\u00a0\u00bb\u00a0\u00bb]Tout d\u00e9pend de la dur\u00e9e choisit et de la commune.[\/vc_column_text][\/vc_tta_section][vc_tta_section title=\u00a0\u00bbQuelle est la disponibilit\u00e9 de votre assistance d\u00e9c\u00e8s ?\u00a0\u00bb tab_id=\u00a0\u00bb1724930575568-5f5c7384-95b6&Prime;][vc_column_text css=\u00a0\u00bb\u00a0\u00bb]Notre assistance est disponible 24h\/24 et 7j\/7 pour vous accompagner \u00e0 chaque \u00e9tape apr\u00e8s le d\u00e9c\u00e8s d&rsquo;un proche.[\/vc_column_text][\/vc_tta_section][vc_tta_section title=\u00a0\u00bbProposez-vous des conseils pour les d\u00e9marches administratives et financi\u00e8res ?\u00a0\u00bb tab_id=\u00a0\u00bb1721635213554-5fa24700-0f9c\u00a0\u00bb][vc_column_text css=\u00a0\u00bb\u00a0\u00bb]Oui, nous vous conseillons et vous aidons dans toutes les d\u00e9marches administratives et pour les aides au financement des obs\u00e8ques.[\/vc_column_text][\/vc_tta_section][vc_tta_section title=\u00a0\u00bbComment proc\u00e9dez-vous pour le rapatriement \u00e0 l\u2019\u00e9tranger ?\u00a0\u00bb tab_id=\u00a0\u00bb1721635212390-8aa003f1-38d3&Prime;][vc_column_text css=\u00a0\u00bb\u00a0\u00bb]Nous organisons le rapatriement du d\u00e9funt vers toutes destinations \u00e0 l\u2019\u00e9tranger, avec la prise en charge compl\u00e8te des formalit\u00e9s et des proc\u00e9dures n\u00e9cessaires.[\/vc_column_text][\/vc_tta_section][vc_tta_section title=\u00a0\u00bbO\u00f9 proposez-vous l&rsquo;inhumation en \u00cele-de-France et en province ?\u00a0\u00bb tab_id=\u00a0\u00bb1721635211981-ecc859b4-debb\u00a0\u00bb][vc_column_text css=\u00a0\u00bb\u00a0\u00bb]Nous assurons l&rsquo;inhumation dans des carr\u00e9s musulmans en \u00cele-de-France et en province, respectant les traditions religieuses.[\/vc_column_text][\/vc_tta_section][vc_tta_section title=\u00a0\u00bbEst-il possible d&rsquo;organiser la c\u00e9r\u00e9monie \u00e0 domicile ?\u00a0\u00bb tab_id=\u00a0\u00bb1721635211108-255cde9b-d2f1&Prime;][vc_column_text css=\u00a0\u00bb\u00a0\u00bb]Nous nous d\u00e9pla\u00e7ons \u00e0 domicile pour toutes les \u00e9tapes n\u00e9cessaires, selon les souhaits de la famille.[\/vc_column_text][\/vc_tta_section][vc_tta_section title=\u00a0\u00bbProposez-vous des options compl\u00e9mentaires comme la r\u00e9servation de billets d\u2019avions ?\u00a0\u00bb tab_id=\u00a0\u00bb1721635387059-67694a38-f6ee\u00a0\u00bb][vc_column_text css=\u00a0\u00bb\u00a0\u00bb]Nous proposons en option la r\u00e9servation des billets d\u2019avions pour les accompagnateurs et des v\u00e9hicules agr\u00e9\u00e9s \u00e0 l\u2019a\u00e9roport d\u2019arriv\u00e9e.[\/vc_column_text][\/vc_tta_section][\/vc_tta_accordion][\/vc_column][\/vc_row]<\/p>\n<\/div>","protected":false},"excerpt":{"rendered":"<p>[vc_row padding_top_multiplier=\u00a0\u00bb3x\u00a0\u00bb padding_bottom_multiplier=\u00a0\u00bb3x\u00a0\u00bb][vc_column][vc_tta_accordion][vc_tta_section tab_id=\u00a0\u00bb1721635066195-afff6e0f-7029&Prime; title=\u00a0\u00bbQue faire en cas de d\u00e9c\u00e8s ?\u00a0\u00bb][vc_column_text css=\u00a0\u00bb\u00a0\u00bb] A domicile : faire appel \u00e0 un m\u00e9decin (traitant, SAMU, urgentiste) pour constater le d\u00e9c\u00e8s. R\u00e9cup\u00e9rer le certificat de d\u00e9c\u00e8s et demander un certificat de mort naturelle OBLIGATOIRE pour tous les rapatriements \u00e0 l\u2019\u00e9tranger. Possibilit\u00e9 de maintenir le d\u00e9funt \u00e0 domicile avec une [&hellip;]<\/p>\n","protected":false},"author":1,"featured_media":0,"parent":0,"menu_order":0,"comment_status":"closed","ping_status":"closed","template":"","meta":{"content-type":"","inline_featured_image":false,"footnotes":""},"class_list":["post-249","page","type-page","status-publish","hentry","grve-entry-item"],"_links":{"self":[{"href":"https:\/\/janazaethic.com\/index.php\/wp-json\/wp\/v2\/pages\/249","targetHints":{"allow":["GET"]}}],"collection":[{"href":"https:\/\/janazaethic.com\/index.php\/wp-json\/wp\/v2\/pages"}],"about":[{"href":"https:\/\/janazaethic.com\/index.php\/wp-json\/wp\/v2\/types\/page"}],"author":[{"embeddable":true,"href":"https:\/\/janazaethic.com\/index.php\/wp-json\/wp\/v2\/users\/1"}],"replies":[{"embeddable":true,"href":"https:\/\/janazaethic.com\/index.php\/wp-json\/wp\/v2\/comments?post=249"}],"version-history":[{"count":13,"href":"https:\/\/janazaethic.com\/index.php\/wp-json\/wp\/v2\/pages\/249\/revisions"}],"predecessor-version":[{"id":515,"href":"https:\/\/janazaethic.com\/index.php\/wp-json\/wp\/v2\/pages\/249\/revisions\/515"}],"wp:attachment":[{"href":"https:\/\/janazaethic.com\/index.php\/wp-json\/wp\/v2\/media?parent=249"}],"curies":[{"name":"wp","href":"https:\/\/api.w.org\/{rel}","templated":true}]}}